{"id":63,"date":"2017-05-16T14:42:16","date_gmt":"2017-05-16T14:42:16","guid":{"rendered":"http:\/\/themes.getmotopress.com\/oceanica\/?page_id=63"},"modified":"2020-07-11T16:31:05","modified_gmt":"2020-07-11T16:31:05","slug":"descubre-el-buceo","status":"publish","type":"page","link":"https:\/\/cancunillformentera.com\/app\/hotel\/activities\/descubre-el-buceo\/","title":{"rendered":"Descubre el buceo"},"content":{"rendered":"<p>Una gran oportunidad para explorar la vida submarina.<br \/>\n<!--more Dive In--><\/p>\n<p>\u00a1El buceo siempre es muy divertido! Y un reclamo en la isla, ya que nadar en sus maravillosas aguas cristalinas, sobre su fondo marino y disfrutar de la posidonia (end\u00e9mica del Mediterr\u00e1neo y patrimonio mundial por la UNESCO) y su gran diversidad de fauna y flora marina: corales, peces de cientos de especies diferentes, estrellas de mar&#8230; es una experiencia inolvidable.<\/p>\n<p>Disfruta de una aut\u00e9ntica inmersi\u00f3n acu\u00e1tica en tu visita a Formentera con nuestros amigos de Vellmar\u00ed!<\/p>\n<p><a href=\"http:\/\/vellmari.com\/\">http:\/\/vellmari.com\/<\/a><\/p>\n","protected":false},"excerpt":{"rendered":"<p>Una gran oportunidad para explorar la vida subacu\u00e1tica<\/p>\n","protected":false},"author":4,"featured_media":90,"parent":44,"menu_order":0,"comment_status":"closed","ping_status":"closed","template":"","meta":{"pagelayer_contact_templates":[],"_pagelayer_content":"","footnotes":""},"class_list":["post-63","page","type-page","status-publish","has-post-thumbnail","hentry"],"jetpack_sharing_enabled":true,"_links":{"self":[{"href":"https:\/\/cancunillformentera.com\/app\/wp-json\/wp\/v2\/pages\/63","targetHints":{"allow":["GET"]}}],"collection":[{"href":"https:\/\/cancunillformentera.com\/app\/wp-json\/wp\/v2\/pages"}],"about":[{"href":"https:\/\/cancunillformentera.com\/app\/wp-json\/wp\/v2\/types\/page"}],"author":[{"embeddable":true,"href":"https:\/\/cancunillformentera.com\/app\/wp-json\/wp\/v2\/users\/4"}],"replies":[{"embeddable":true,"href":"https:\/\/cancunillformentera.com\/app\/wp-json\/wp\/v2\/comments?post=63"}],"version-history":[{"count":4,"href":"https:\/\/cancunillformentera.com\/app\/wp-json\/wp\/v2\/pages\/63\/revisions"}],"predecessor-version":[{"id":565,"href":"https:\/\/cancunillformentera.com\/app\/wp-json\/wp\/v2\/pages\/63\/revisions\/565"}],"up":[{"embeddable":true,"href":"https:\/\/cancunillformentera.com\/app\/wp-json\/wp\/v2\/pages\/44"}],"wp:featuredmedia":[{"embeddable":true,"href":"https:\/\/cancunillformentera.com\/app\/wp-json\/wp\/v2\/media\/90"}],"wp:attachment":[{"href":"https:\/\/cancunillformentera.com\/app\/wp-json\/wp\/v2\/media?parent=63"}],"curies":[{"name":"wp","href":"https:\/\/api.w.org\/{rel}","templated":true}]}}