{"id":44,"date":"2017-05-16T14:00:57","date_gmt":"2017-05-16T14:00:57","guid":{"rendered":"http:\/\/themes.getmotopress.com\/oceanica\/?page_id=44"},"modified":"2020-06-21T10:20:21","modified_gmt":"2020-06-21T10:20:21","slug":"activities","status":"publish","type":"page","link":"https:\/\/cancunillformentera.com\/app\/hotel\/activities\/","title":{"rendered":"Actividades"},"content":{"rendered":"<p>Sabemos bien cuales son tus intereses y queremos aportarte lo mejor para tu estancia! Por eso viajas: paseos en bicicleta, submarinismo, excursiones y deporte te dar\u00e1n momentos inolvidables.<\/p>\n","protected":false},"excerpt":{"rendered":"<p>Can Cunill es m\u00e1s que unos apartamentos, es tambi\u00e9n diversi\u00f3n<\/p>\n","protected":false},"author":4,"featured_media":423,"parent":16,"menu_order":0,"comment_status":"open","ping_status":"closed","template":"template-full-width-grid-page.php","meta":{"pagelayer_contact_templates":[],"_pagelayer_content":"","footnotes":""},"class_list":["post-44","page","type-page","status-publish","has-post-thumbnail","hentry"],"jetpack_sharing_enabled":true,"_links":{"self":[{"href":"https:\/\/cancunillformentera.com\/app\/wp-json\/wp\/v2\/pages\/44","targetHints":{"allow":["GET"]}}],"collection":[{"href":"https:\/\/cancunillformentera.com\/app\/wp-json\/wp\/v2\/pages"}],"about":[{"href":"https:\/\/cancunillformentera.com\/app\/wp-json\/wp\/v2\/types\/page"}],"author":[{"embeddable":true,"href":"https:\/\/cancunillformentera.com\/app\/wp-json\/wp\/v2\/users\/4"}],"replies":[{"embeddable":true,"href":"https:\/\/cancunillformentera.com\/app\/wp-json\/wp\/v2\/comments?post=44"}],"version-history":[{"count":1,"href":"https:\/\/cancunillformentera.com\/app\/wp-json\/wp\/v2\/pages\/44\/revisions"}],"predecessor-version":[{"id":425,"href":"https:\/\/cancunillformentera.com\/app\/wp-json\/wp\/v2\/pages\/44\/revisions\/425"}],"up":[{"embeddable":true,"href":"https:\/\/cancunillformentera.com\/app\/wp-json\/wp\/v2\/pages\/16"}],"wp:featuredmedia":[{"embeddable":true,"href":"https:\/\/cancunillformentera.com\/app\/wp-json\/wp\/v2\/media\/423"}],"wp:attachment":[{"href":"https:\/\/cancunillformentera.com\/app\/wp-json\/wp\/v2\/media?parent=44"}],"curies":[{"name":"wp","href":"https:\/\/api.w.org\/{rel}","templated":true}]}}