{"id":16,"date":"2017-05-16T13:40:41","date_gmt":"2017-05-16T13:40:41","guid":{"rendered":"http:\/\/themes.getmotopress.com\/oceanica\/?page_id=16"},"modified":"2020-06-21T09:54:49","modified_gmt":"2020-06-21T09:54:49","slug":"hotel","status":"publish","type":"page","link":"https:\/\/cancunillformentera.com\/app\/","title":{"rendered":"Bienvenido a Can Cunill Formentera"},"content":{"rendered":"<p>Los apartamentos Can Cunill Formentera tienen las estancias m\u00e1s reconocidas de Formentera. No son solo un sitio donde dormir mientras est\u00e1s de vacaciones: es un lugar donde sumergirse en una atmosfera de bienestar y relajaci\u00f3n, libertad y entretenimiento. Nos preocupamos por los servicios, equipamientos, habitaciones y el mejor staff. Simplemente, una casa para tu inolvidable viaje y para tus mejores fotograf\u00edas.<\/p>\n","protected":false},"excerpt":{"rendered":"<p>Tu para\u00edso blanco en Formentera. Simplemente, disfr\u00fatalo.<\/p>\n","protected":false},"author":4,"featured_media":6,"parent":0,"menu_order":0,"comment_status":"closed","ping_status":"closed","template":"template-front-page.php","meta":{"pagelayer_contact_templates":[],"_pagelayer_content":"","footnotes":""},"class_list":["post-16","page","type-page","status-publish","has-post-thumbnail","hentry"],"jetpack_sharing_enabled":true,"_links":{"self":[{"href":"https:\/\/cancunillformentera.com\/app\/wp-json\/wp\/v2\/pages\/16","targetHints":{"allow":["GET"]}}],"collection":[{"href":"https:\/\/cancunillformentera.com\/app\/wp-json\/wp\/v2\/pages"}],"about":[{"href":"https:\/\/cancunillformentera.com\/app\/wp-json\/wp\/v2\/types\/page"}],"author":[{"embeddable":true,"href":"https:\/\/cancunillformentera.com\/app\/wp-json\/wp\/v2\/users\/4"}],"replies":[{"embeddable":true,"href":"https:\/\/cancunillformentera.com\/app\/wp-json\/wp\/v2\/comments?post=16"}],"version-history":[{"count":5,"href":"https:\/\/cancunillformentera.com\/app\/wp-json\/wp\/v2\/pages\/16\/revisions"}],"predecessor-version":[{"id":416,"href":"https:\/\/cancunillformentera.com\/app\/wp-json\/wp\/v2\/pages\/16\/revisions\/416"}],"wp:featuredmedia":[{"embeddable":true,"href":"https:\/\/cancunillformentera.com\/app\/wp-json\/wp\/v2\/media\/6"}],"wp:attachment":[{"href":"https:\/\/cancunillformentera.com\/app\/wp-json\/wp\/v2\/media?parent=16"}],"curies":[{"name":"wp","href":"https:\/\/api.w.org\/{rel}","templated":true}]}}