{"id":115,"date":"2017-05-16T18:37:26","date_gmt":"2017-05-16T18:37:26","guid":{"rendered":"http:\/\/themes.getmotopress.com\/oceanica\/?page_id=115"},"modified":"2020-06-24T16:12:58","modified_gmt":"2020-06-24T16:12:58","slug":"alquiler-biciletas","status":"publish","type":"page","link":"https:\/\/cancunillformentera.com\/app\/hotel\/activities\/alquiler-biciletas\/","title":{"rendered":"Excursiones en bicicleta"},"content":{"rendered":"<p>Excursiones en bicicleta desde Es Pujols para recorrer toda la isla y sus playas.<!--more take a tour--><\/p>\n<p>Desde Can Cunill Formentera podr\u00e1s alquilar una bicicleta y combinar tu experiencia de descanso con una aventura por la isla. En colaboraci\u00f3n con Moto Rent Andreuet te ofrecemos un tour y una excursi\u00f3n inolvidable.<\/p>\n<p>No deber\u00edas perderte la oportunidad de esta experiencia inolvidable. Disfruta de un mont\u00f3n de momentos agradables con unas vistas \u00fanicas de las playas y del mediterr\u00e1neo.<\/p>\n<p>Visita: <a href=\"http:\/\/motorentandreuet.com\">motorentandreuet.com<\/a><\/p>\n","protected":false},"excerpt":{"rendered":"<p>Explora las vistas del el Mediterr\u00e1neo durante una excursi\u00f3n en bicicleta<\/p>\n","protected":false},"author":4,"featured_media":457,"parent":44,"menu_order":0,"comment_status":"closed","ping_status":"closed","template":"","meta":{"pagelayer_contact_templates":[],"_pagelayer_content":"","footnotes":""},"class_list":["post-115","page","type-page","status-publish","has-post-thumbnail","hentry"],"jetpack_sharing_enabled":true,"_links":{"self":[{"href":"https:\/\/cancunillformentera.com\/app\/wp-json\/wp\/v2\/pages\/115","targetHints":{"allow":["GET"]}}],"collection":[{"href":"https:\/\/cancunillformentera.com\/app\/wp-json\/wp\/v2\/pages"}],"about":[{"href":"https:\/\/cancunillformentera.com\/app\/wp-json\/wp\/v2\/types\/page"}],"author":[{"embeddable":true,"href":"https:\/\/cancunillformentera.com\/app\/wp-json\/wp\/v2\/users\/4"}],"replies":[{"embeddable":true,"href":"https:\/\/cancunillformentera.com\/app\/wp-json\/wp\/v2\/comments?post=115"}],"version-history":[{"count":4,"href":"https:\/\/cancunillformentera.com\/app\/wp-json\/wp\/v2\/pages\/115\/revisions"}],"predecessor-version":[{"id":458,"href":"https:\/\/cancunillformentera.com\/app\/wp-json\/wp\/v2\/pages\/115\/revisions\/458"}],"up":[{"embeddable":true,"href":"https:\/\/cancunillformentera.com\/app\/wp-json\/wp\/v2\/pages\/44"}],"wp:featuredmedia":[{"embeddable":true,"href":"https:\/\/cancunillformentera.com\/app\/wp-json\/wp\/v2\/media\/457"}],"wp:attachment":[{"href":"https:\/\/cancunillformentera.com\/app\/wp-json\/wp\/v2\/media?parent=115"}],"curies":[{"name":"wp","href":"https:\/\/api.w.org\/{rel}","templated":true}]}}